{"id":1230,"date":"2023-04-03T15:28:05","date_gmt":"2023-04-03T13:28:05","guid":{"rendered":"http:\/\/www.polichno.sk\/wp\/?page_id=1230"},"modified":"2023-04-03T15:33:52","modified_gmt":"2023-04-03T13:33:52","slug":"petianovci-vd","status":"publish","type":"page","link":"https:\/\/www.polichno.sk\/wp\/petianovci-vd\/","title":{"rendered":"Petianovci"},"content":{"rendered":"\n<p>Evanjelick\u00fd rod Petianovcov zanechal hlbok\u00fa br\u00e1zdu v\u00a0novodob\u00fdch dejin\u00e1ch Novohradu a aj v\u00a0samotnej obci Polichno, kde p\u00f4sobili ako far\u00e1ri dovedna 80 rokov. Ich dielo v\u0161ak prekro\u010dilo hranice prostredia a\u00a0\u010dasu, v\u00a0ktorom \u017eili. Polo\u017eili z\u00e1klady skuto\u010dn\u00e9ho osvietenia Slov\u00e1kov, na ktor\u00fdch mohli stava\u0165 tak\u00e9 osobnosti, ako boli \u0161t\u00farovci a\u00a0aj Pavel Slan\u010d\u00edk, far\u00e1r v\u00a0Polichne, otec spisovate\u013eky B. S. Timravy a\u00a0spoluzakladate\u013e Matice slovenskej.<\/p>\n","protected":false},"excerpt":{"rendered":"<p>Evanjelick\u00fd rod Petianovcov zanechal hlbok\u00fa br\u00e1zdu v\u00a0novodob\u00fdch dejin\u00e1ch Novohradu a aj v\u00a0samotnej obci Polichno, kde p\u00f4sobili ako far\u00e1ri dovedna 80 rokov. Ich dielo v\u0161ak prekro\u010dilo hranice prostredia a\u00a0\u010dasu, v\u00a0ktorom \u017eili. Polo\u017eili z\u00e1klady skuto\u010dn\u00e9ho osvietenia Slov\u00e1kov, na ktor\u00fdch mohli stava\u0165 tak\u00e9 osobnosti, ako boli \u0161t\u00farovci a\u00a0aj Pavel Slan\u010d\u00edk, far\u00e1r v\u00a0Polichne, otec spisovate\u013eky B. S. Timravy a\u00a0spoluzakladate\u013e [&hellip;]<\/p>\n","protected":false},"author":3,"featured_media":0,"parent":0,"menu_order":0,"comment_status":"closed","ping_status":"closed","template":"","meta":{"ngg_post_thumbnail":0,"footnotes":""},"class_list":["post-1230","page","type-page","status-publish","hentry"],"_links":{"self":[{"href":"https:\/\/www.polichno.sk\/wp\/wp-json\/wp\/v2\/pages\/1230","targetHints":{"allow":["GET"]}}],"collection":[{"href":"https:\/\/www.polichno.sk\/wp\/wp-json\/wp\/v2\/pages"}],"about":[{"href":"https:\/\/www.polichno.sk\/wp\/wp-json\/wp\/v2\/types\/page"}],"author":[{"embeddable":true,"href":"https:\/\/www.polichno.sk\/wp\/wp-json\/wp\/v2\/users\/3"}],"replies":[{"embeddable":true,"href":"https:\/\/www.polichno.sk\/wp\/wp-json\/wp\/v2\/comments?post=1230"}],"version-history":[{"count":4,"href":"https:\/\/www.polichno.sk\/wp\/wp-json\/wp\/v2\/pages\/1230\/revisions"}],"predecessor-version":[{"id":1235,"href":"https:\/\/www.polichno.sk\/wp\/wp-json\/wp\/v2\/pages\/1230\/revisions\/1235"}],"wp:attachment":[{"href":"https:\/\/www.polichno.sk\/wp\/wp-json\/wp\/v2\/media?parent=1230"}],"curies":[{"name":"wp","href":"https:\/\/api.w.org\/{rel}","templated":true}]}}