{"id":403,"date":"2014-01-12T18:33:12","date_gmt":"2014-01-12T16:33:12","guid":{"rendered":"http:\/\/www.polichno.sk\/wp\/?page_id=403"},"modified":"2023-03-27T19:08:11","modified_gmt":"2023-03-27T17:08:11","slug":"fotogaleria","status":"publish","type":"page","link":"https:\/\/www.polichno.sk\/wp\/kultura\/fotogaleria\/","title":{"rendered":"Fotogal\u00e9ria"},"content":{"rendered":"\t<div class=\"ngg-albumoverview\">\n\t\t\t\t\t<div class=\"ngg-album-compact\">\n\t\t\t\t<div class=\"ngg-album-compactbox\">\n\t\t\t\t\t<div class=\"ngg-album-link\">\n\t\t\t\t\t\t\t\t\t\t\t\t\t<a title='Farebn\u00e1 jese\u0148' href='https:\/\/www.polichno.sk\/wp\/kultura\/fotogaleria\/nggallery\/zima-2006\/farebna-jesen'>\n\t\t\t\t\t\t\t\t<img class=\"Thumb\"\n\t\t\t\t\t\t\t\t\talt=\"Farebn\u00e1 jese\u0148\"\n\t\t\t\t\t\t\t\t\tsrc=\"https:\/\/www.polichno.sk\/wp\/wp-content\/gallery\/farebna-jesen\/cache\/pa260047-nggid0257-ngg0dyn-91x68-00f0w010c011r110f110r010t010.jpg\"\/>\n\t\t\t\t\t\t\t<\/a>\n\t\t\t\t\t\t\t\t\t\t\t<\/div>\n\t\t\t\t<\/div>\n\t\t\t\t\t\t\t\t<h4>\n\t\t\t\t\t<a class='ngg-album-desc'\n\t\t\t\t\t\ttitle='Farebn\u00e1 jese\u0148' href='https:\/\/www.polichno.sk\/wp\/kultura\/fotogaleria\/nggallery\/zima-2006\/farebna-jesen'style=\"max-width: 111px\"\t\t\t\t\t>\n\t\t\t\t\t\tFarebn\u00e1 jese\u0148\t\t\t\t\t<\/a>\n\t\t\t\t<\/h4>\n\t\t\t\t<p class=\"ngg-album-gallery-image-counter\">\n\t\t\t\t\t\t\t\t\t\t\t<strong>12<\/strong>&nbsp;Fotografie\t\t\t\t\t\t\t\t\t<\/p>\n\t\t\t<\/div>\n\t\t\t\t\t<div class=\"ngg-album-compact\">\n\t\t\t\t<div class=\"ngg-album-compactbox\">\n\t\t\t\t\t<div class=\"ngg-album-link\">\n\t\t\t\t\t\t\t\t\t\t\t\t\t<a title='Zima 2006' href='https:\/\/www.polichno.sk\/wp\/kultura\/fotogaleria\/nggallery\/zima-2006\/zima-2006'>\n\t\t\t\t\t\t\t\t<img class=\"Thumb\"\n\t\t\t\t\t\t\t\t\talt=\"Zima 2006\"\n\t\t\t\t\t\t\t\t\tsrc=\"https:\/\/www.polichno.sk\/wp\/wp-content\/gallery\/zima-2006\/cache\/pc300065-nggid0242-ngg0dyn-91x68-00f0w010c011r110f110r010t010.jpg\"\/>\n\t\t\t\t\t\t\t<\/a>\n\t\t\t\t\t\t\t\t\t\t\t<\/div>\n\t\t\t\t<\/div>\n\t\t\t\t\t\t\t\t<h4>\n\t\t\t\t\t<a class='ngg-album-desc'\n\t\t\t\t\t\ttitle='Zima 2006' href='https:\/\/www.polichno.sk\/wp\/kultura\/fotogaleria\/nggallery\/zima-2006\/zima-2006'style=\"max-width: 111px\"\t\t\t\t\t>\n\t\t\t\t\t\tZima 2006\t\t\t\t\t<\/a>\n\t\t\t\t<\/h4>\n\t\t\t\t<p class=\"ngg-album-gallery-image-counter\">\n\t\t\t\t\t\t\t\t\t\t\t<strong>9<\/strong>&nbsp;Fotografie\t\t\t\t\t\t\t\t\t<\/p>\n\t\t\t<\/div>\n\t\t\t\t\t<div class=\"ngg-album-compact\">\n\t\t\t\t<div class=\"ngg-album-compactbox\">\n\t\t\t\t\t<div class=\"ngg-album-link\">\n\t\t\t\t\t\t\t\t\t\t\t\t\t<a title='kde ste mohli vidie\u0165 pol\u00edchnansk\u00fd kroj' href='https:\/\/www.polichno.sk\/wp\/kultura\/fotogaleria\/nggallery\/zima-2006\/kde-ste-mohli-vidiet-polichnansky-kroj'>\n\t\t\t\t\t\t\t\t<img class=\"Thumb\"\n\t\t\t\t\t\t\t\t\talt=\"kde ste mohli vidie\u0165 pol\u00edchnansk\u00fd kroj\"\n\t\t\t\t\t\t\t\t\tsrc=\"https:\/\/www.polichno.sk\/wp\/wp-content\/gallery\/kroj\/cache\/p7130144-nggid0271-ngg0dyn-91x68-00f0w010c011r110f110r010t010.jpg\"\/>\n\t\t\t\t\t\t\t<\/a>\n\t\t\t\t\t\t\t\t\t\t\t<\/div>\n\t\t\t\t<\/div>\n\t\t\t\t\t\t\t\t<h4>\n\t\t\t\t\t<a class='ngg-album-desc'\n\t\t\t\t\t\ttitle='kde ste mohli vidie\u0165 pol\u00edchnansk\u00fd kroj' href='https:\/\/www.polichno.sk\/wp\/kultura\/fotogaleria\/nggallery\/zima-2006\/kde-ste-mohli-vidiet-polichnansky-kroj'style=\"max-width: 111px\"\t\t\t\t\t>\n\t\t\t\t\t\tkde ste mohli vidie\u0165 pol\u00edchnansk\u00fd kroj\t\t\t\t\t<\/a>\n\t\t\t\t<\/h4>\n\t\t\t\t<p class=\"ngg-album-gallery-image-counter\">\n\t\t\t\t\t\t\t\t\t\t\t<strong>15<\/strong>&nbsp;Fotografie\t\t\t\t\t\t\t\t\t<\/p>\n\t\t\t<\/div>\n\t\t\t\t\t<div class=\"ngg-album-compact\">\n\t\t\t\t<div class=\"ngg-album-compactbox\">\n\t\t\t\t\t<div class=\"ngg-album-link\">\n\t\t\t\t\t\t\t\t\t\t\t\t\t<a title='Tvarohov\u00e1 \u0161tr\u00fad\u013ea' href='https:\/\/www.polichno.sk\/wp\/kultura\/fotogaleria\/nggallery\/zima-2006\/tvarohova-strudla'>\n\t\t\t\t\t\t\t\t<img class=\"Thumb\"\n\t\t\t\t\t\t\t\t\talt=\"Tvarohov\u00e1 \u0161tr\u00fad\u013ea\"\n\t\t\t\t\t\t\t\t\tsrc=\"https:\/\/www.polichno.sk\/wp\/wp-content\/gallery\/tvarohova-strudla\/cache\/p1060064-nggid0288-ngg0dyn-91x68-00f0w010c011r110f110r010t010.jpg\"\/>\n\t\t\t\t\t\t\t<\/a>\n\t\t\t\t\t\t\t\t\t\t\t<\/div>\n\t\t\t\t<\/div>\n\t\t\t\t\t\t\t\t<h4>\n\t\t\t\t\t<a class='ngg-album-desc'\n\t\t\t\t\t\ttitle='Tvarohov\u00e1 \u0161tr\u00fad\u013ea' href='https:\/\/www.polichno.sk\/wp\/kultura\/fotogaleria\/nggallery\/zima-2006\/tvarohova-strudla'style=\"max-width: 111px\"\t\t\t\t\t>\n\t\t\t\t\t\tTvarohov\u00e1 \u0161tr\u00fad\u013ea\t\t\t\t\t<\/a>\n\t\t\t\t<\/h4>\n\t\t\t\t<p class=\"ngg-album-gallery-image-counter\">\n\t\t\t\t\t\t\t\t\t\t\t<strong>14<\/strong>&nbsp;Fotografie\t\t\t\t\t\t\t\t\t<\/p>\n\t\t\t<\/div>\n\t\t\t\t\t<div class=\"ngg-album-compact\">\n\t\t\t\t<div class=\"ngg-album-compactbox\">\n\t\t\t\t\t<div class=\"ngg-album-link\">\n\t\t\t\t\t\t\t\t\t\t\t\t\t<a title='M\u00fazeum B.S.Timravy' href='https:\/\/www.polichno.sk\/wp\/kultura\/fotogaleria\/nggallery\/zima-2006\/muzeum-b-s-timravy'>\n\t\t\t\t\t\t\t\t<img class=\"Thumb\"\n\t\t\t\t\t\t\t\t\talt=\"M\u00fazeum B.S.Timravy\"\n\t\t\t\t\t\t\t\t\tsrc=\"https:\/\/www.polichno.sk\/wp\/wp\/wp-content\/gallery\/museum\/cache\/sk01-nggid0289-ngg0dyn-91x68-00f0w010c011r110f110r010t010.jpg\"\/>\n\t\t\t\t\t\t\t<\/a>\n\t\t\t\t\t\t\t\t\t\t\t<\/div>\n\t\t\t\t<\/div>\n\t\t\t\t\t\t\t\t<h4>\n\t\t\t\t\t<a class='ngg-album-desc'\n\t\t\t\t\t\ttitle='M\u00fazeum B.S.Timravy' href='https:\/\/www.polichno.sk\/wp\/kultura\/fotogaleria\/nggallery\/zima-2006\/muzeum-b-s-timravy'style=\"max-width: 111px\"\t\t\t\t\t>\n\t\t\t\t\t\tM\u00fazeum B.S.Timravy\t\t\t\t\t<\/a>\n\t\t\t\t<\/h4>\n\t\t\t\t<p class=\"ngg-album-gallery-image-counter\">\n\t\t\t\t\t\t\t\t\t\t\t<strong>10<\/strong>&nbsp;Fotografie\t\t\t\t\t\t\t\t\t<\/p>\n\t\t\t<\/div>\n\t\t\t\t\t<div class=\"ngg-album-compact\">\n\t\t\t\t<div class=\"ngg-album-compactbox\">\n\t\t\t\t\t<div class=\"ngg-album-link\">\n\t\t\t\t\t\t\t\t\t\t\t\t\t<a title='Mati\u010dn\u00e9 sl\u00e1vnosti' href='https:\/\/www.polichno.sk\/wp\/kultura\/fotogaleria\/nggallery\/zima-2006\/maticne-slavnosti'>\n\t\t\t\t\t\t\t\t<img class=\"Thumb\"\n\t\t\t\t\t\t\t\t\talt=\"Mati\u010dn\u00e9 sl\u00e1vnosti\"\n\t\t\t\t\t\t\t\t\tsrc=\"https:\/\/www.polichno.sk\/wp\/wp-content\/gallery\/maticne-slavnosti\/cache\/img_8377-nggid03171-ngg0dyn-91x68-00f0w010c011r110f110r010t010.jpg\"\/>\n\t\t\t\t\t\t\t<\/a>\n\t\t\t\t\t\t\t\t\t\t\t<\/div>\n\t\t\t\t<\/div>\n\t\t\t\t\t\t\t\t<h4>\n\t\t\t\t\t<a class='ngg-album-desc'\n\t\t\t\t\t\ttitle='Mati\u010dn\u00e9 sl\u00e1vnosti' href='https:\/\/www.polichno.sk\/wp\/kultura\/fotogaleria\/nggallery\/zima-2006\/maticne-slavnosti'style=\"max-width: 111px\"\t\t\t\t\t>\n\t\t\t\t\t\tMati\u010dn\u00e9 sl\u00e1vnosti\t\t\t\t\t<\/a>\n\t\t\t\t<\/h4>\n\t\t\t\t<p class=\"ngg-album-gallery-image-counter\">\n\t\t\t\t\t\t\t\t\t\t\t<strong>10<\/strong>&nbsp;Fotografie\t\t\t\t\t\t\t\t\t<\/p>\n\t\t\t<\/div>\n\t\t\t\t<br class=\"ngg-clear\"\/>\n\t\t<div class='ngg-clear'><\/div>\t<\/div>\n\n","protected":false},"excerpt":{"rendered":"","protected":false},"author":1,"featured_media":0,"parent":69,"menu_order":0,"comment_status":"closed","ping_status":"closed","template":"","meta":{"ngg_post_thumbnail":0,"footnotes":""},"class_list":["post-403","page","type-page","status-publish","hentry"],"_links":{"self":[{"href":"https:\/\/www.polichno.sk\/wp\/wp-json\/wp\/v2\/pages\/403","targetHints":{"allow":["GET"]}}],"collection":[{"href":"https:\/\/www.polichno.sk\/wp\/wp-json\/wp\/v2\/pages"}],"about":[{"href":"https:\/\/www.polichno.sk\/wp\/wp-json\/wp\/v2\/types\/page"}],"author":[{"embeddable":true,"href":"https:\/\/www.polichno.sk\/wp\/wp-json\/wp\/v2\/users\/1"}],"replies":[{"embeddable":true,"href":"https:\/\/www.polichno.sk\/wp\/wp-json\/wp\/v2\/comments?post=403"}],"version-history":[{"count":4,"href":"https:\/\/www.polichno.sk\/wp\/wp-json\/wp\/v2\/pages\/403\/revisions"}],"predecessor-version":[{"id":1181,"href":"https:\/\/www.polichno.sk\/wp\/wp-json\/wp\/v2\/pages\/403\/revisions\/1181"}],"up":[{"embeddable":true,"href":"https:\/\/www.polichno.sk\/wp\/wp-json\/wp\/v2\/pages\/69"}],"wp:attachment":[{"href":"https:\/\/www.polichno.sk\/wp\/wp-json\/wp\/v2\/media?parent=403"}],"curies":[{"name":"wp","href":"https:\/\/api.w.org\/{rel}","templated":true}]}}